{"id":17,"date":"2017-01-02T09:25:56","date_gmt":"2017-01-02T09:25:56","guid":{"rendered":"http:\/\/www.sougiareflexology.gr\/?page_id=17"},"modified":"2018-05-17T15:39:52","modified_gmt":"2018-05-17T15:39:52","slug":"%ce%ba%ce%b1%ce%bb%cf%8e%cf%82-%ce%bf%cf%81%ce%af%cf%83%ce%b1%cf%84%ce%b5","status":"publish","type":"page","link":"https:\/\/www.sougiareflexology.gr\/de_DE\/","title":{"rendered":"Willkommen"},"content":{"rendered":"<p><strong>Liebe Freunde,<\/strong> genie\u00dfen Sie eine Sitzung Partizipativer Fu\u00dfreflexzonenmassage mit mir, Sifi! Meine Technik ist eine Anpassung und Kombination der Standard-Fu\u00dfreflexzonenmassage nach Su Jok und hippokratischen sowie chinesischen Meridianen &#8211; Techniken. Durch mehr als 20 Jahre Forschung und Praxis entwickelte ich meine eigene Technik mit dem Ziel, eine partizipative Erfahrung f\u00fcr Sie zu erm\u00f6glichen, in der die k\u00f6rpereigene Selbstwahrnehmung aktiviert wird. Damit wird der nat\u00fcrliche Heilungsprozess eingeleitet. Die erste Stufe ist das Fu\u00dflesen. Hierbei analysiere ich die Fu\u00dfform, um die psychosomatischen Wurzeln und die Vorgehensweise der Beschwerde zu finden. Diese Informationen dienen dann als Rahmen f\u00fcr individuelle Behandlungsprotokolle, die ich mit dem realistischen Ziel einer schnellen Heilung und merklichen Verbesserung der Lebensqualit\u00e4t entwickelt habe. Dies ist eine ideale L\u00f6sung f\u00fcr chronische oder schw\u00e4chende Erkrankungen wie CHRONISCHER STRESS, SEXUELLE K\u00dcHLE, VERSTAUCHUNGEN IN KN\u00d6CHEL UND HANDGELENK, \u00c4NGSTLICHKEIT, BURN-OUT-SYNDROM, MIGR\u00c4NE, GELENKPROBLEME, SEHNENSCHEIDENENTZ\u00dcNDUNG und CHRONISCHE SCHMERZEN sowie HEXENSCHUSS oder ISCHIASSCHMERZ. Ich kann Ihnen garantieren, dass schon eine einzige Sitzung zu einer sp\u00fcrbaren Verbesserung der Symptome f\u00fchren und zu einem lebensver\u00e4ndernden Ereignis werden kann. Wer h\u00e4tte gedacht, dass Stress oder Schmerzen, mit denen man viele jahre lebte, wirklich so schnell gelindert werden k\u00f6nnen? Die Mindestdauer jeder Sitzung betr\u00e4gt 1 Stunde und 15 Minuten. Dar\u00fcber hinaus biete ich auch Sitzungen von 2 Stunden oder l\u00e4nger an. Mit Zustimmung der Eltern behandle ich Kinder jeden Alters und biete auch Sitzungen f\u00fcr Paare mit Beziehungsproblemen an. Z\u00f6gern Sie nicht, wenn Sie an weiteren Informationen interessiert sind und fragen Sie einfach im \u201cLotos Cafe\u201d nach SIFI! <strong>Telefon: 00306973059691<\/strong><\/p>\n","protected":false},"excerpt":{"rendered":"<p><strong>Liebe Freunde,<\/strong> genie\u00dfen Sie eine Sitzung Partizipativer Fu\u00dfreflexzonenmassage mit mir, Sifi! Meine Technik ist eine Anpassung und Kombination der Standard-Fu\u00dfreflexzonenmassage nach Su Jok und hippokratischen sowie chinesischen Me&#8230;<\/p>\n","protected":false},"author":1,"featured_media":0,"parent":0,"menu_order":0,"comment_status":"closed","ping_status":"closed","template":"template-full.php","meta":{"footnotes":""},"_links":{"self":[{"href":"https:\/\/www.sougiareflexology.gr\/de_DE\/wp-json\/wp\/v2\/pages\/17"}],"collection":[{"href":"https:\/\/www.sougiareflexology.gr\/de_DE\/wp-json\/wp\/v2\/pages"}],"about":[{"href":"https:\/\/www.sougiareflexology.gr\/de_DE\/wp-json\/wp\/v2\/types\/page"}],"author":[{"embeddable":true,"href":"https:\/\/www.sougiareflexology.gr\/de_DE\/wp-json\/wp\/v2\/users\/1"}],"replies":[{"embeddable":true,"href":"https:\/\/www.sougiareflexology.gr\/de_DE\/wp-json\/wp\/v2\/comments?post=17"}],"version-history":[{"count":37,"href":"https:\/\/www.sougiareflexology.gr\/de_DE\/wp-json\/wp\/v2\/pages\/17\/revisions"}],"predecessor-version":[{"id":350,"href":"https:\/\/www.sougiareflexology.gr\/de_DE\/wp-json\/wp\/v2\/pages\/17\/revisions\/350"}],"wp:attachment":[{"href":"https:\/\/www.sougiareflexology.gr\/de_DE\/wp-json\/wp\/v2\/media?parent=17"}],"curies":[{"name":"wp","href":"https:\/\/api.w.org\/{rel}","templated":true}]}}