{"id":376,"date":"2021-08-28T00:13:56","date_gmt":"2021-08-28T00:13:56","guid":{"rendered":"https:\/\/www.sougiareflexology.gr\/?page_id=376"},"modified":"2021-08-28T00:13:56","modified_gmt":"2021-08-28T00:13:56","slug":"%ce%ad%ce%bd%ce%b1-%ce%ac%cf%81%ce%b8%cf%81%ce%bf-%ce%ba%ce%b1%ce%b9-%ce%b7-%ce%b1%cf%80%ce%ac%ce%bd%cf%84%ce%b7%cf%83%ce%b7","status":"publish","type":"page","link":"https:\/\/www.sougiareflexology.gr\/el\/%ce%ad%ce%bd%ce%b1-%ce%ac%cf%81%ce%b8%cf%81%ce%bf-%ce%ba%ce%b1%ce%b9-%ce%b7-%ce%b1%cf%80%ce%ac%ce%bd%cf%84%ce%b7%cf%83%ce%b7\/","title":{"rendered":" \u0388\u03bd\u03b1 \u03ac\u03c1\u03b8\u03c1\u03bf \u03ba\u03b1\u03b9 \u03b7 \u03b1\u03c0\u03ac\u03bd\u03c4\u03b7\u03c3\u03b7"},"content":{"rendered":"<div data-section-type=\"gallery\" data-position=\"auto\" data-size=\"auto\" data-gallery-type=\"secondary\">\n<div>\n<div data-section-type=\"image\" data-position=\"auto\" data-size=\"auto\">\n<div>\n<figure data-type=\"image\" data-fullscreen-enabled=\"true\"><figcaption>Iosiff liebt die Berge, oft ist er tagelang allein unterwegs.<\/p>\n<\/figcaption><footer>Foto: Manfred Rebhandl<\/footer>\n<\/figure>\n<\/div>\n<\/div>\n<\/div>\n<\/div>\n<p>Iosiff &#8220;Siffi&#8221; ist 58, es geht ihm gut. Der in der Hauptstadt Athen Geborene verbrachte die l\u00e4ngste Zeit seines Lebens auf Kreta. Gerade bringt er uns im K\u00fcstenort Sougia jeden Tag das Fr\u00fchst\u00fcck in der Lotos-Bar, die ihm fr\u00fcher geh\u00f6rte. Er verkaufte seinen Anteil, denn eigentlich liebt er die Berge. Einmal, vor drei\u00dfig Jahren, lernte er einen \u00d6sterreicher kennen, der ihm den Wilden Kaiser empfahl. Er setzte sich in einen Zug nach Salzburg, aber die Besteigung im August gefiel ihm gar nicht. &#8220;Bis 13 Uhr m\u00fcsst ihr zur\u00fcck sein!&#8221; Das war ihm alles zu stressig.<\/p>\n<p>&nbsp;<\/p>\n<div class=\"native-ad\">\n<div class=\"teaser-inner js-native-ad\">\n<header>\n<p class=\"teaser-kicker\">SCHMERZEN<\/p>\n<h1 class=\"teaser-title\">Kampf dem R\u00fcckenschmerz: So einfach geht\u00b4s<\/h1>\n<p class=\"teaser-subtitle\">Diese einfachen \u00dcbungen helfen gegen R\u00fcckenschmerzen.<\/p>\n<div class=\"storylabels\"><span data-label-category=\"nativead\">WERBUNG<\/span><\/div>\n<\/header>\n<\/div>\n<\/div>\n<p>Hingegen die Ruhe in seinen kretischen Bergen! Oft ist er tagelang allein unterwegs: Gingilos, Klados-Schlucht, dazwischen 600 Meter W\u00e4nde zum Free Climbing. Die N\u00e4chte verbringt er drau\u00dfen. Letztes Jahr war der Himmel ohne Flugzeuge, &#8220;it was perfect&#8221;. Einmal f\u00fchrte er eine H\u00fctte bei Astrak im Tymfi-Gebirge nahe der albanischen Grenze, &#8220;it was magic&#8221;. Ein Bach voller Salamander und Fr\u00f6sche, ein wundervoller See &#8230;<\/p>\n<p>Nachdem er elf Jahre in Athen Baukr\u00e4ne gefahren war, begann er vor elf Jahren eine Ausbildung zur Reflexzonenmassage. Als Climber hatte er viele Probleme mit den Muskeln und fing an, sich selbst zu therapieren, dr\u00fcckte an sich herum und dachte: Wow! Very nice!&#8221;<\/p>\n<p>Nun kommen hier in Sougia viele Frauen wegen &#8220;sexual coldness&#8221; zu ihm: &#8220;You do not believe, how many!&#8221; Einmal massierte er hinten in der Lotos-Bar eine Lady, irgendwann kamen Leute aus der Bar nach hinten und schauten nach, was da los war. Nichts Unschickliches! Der Profi massierte nur die Zehen einer Dame, was dieser im Rausch der Entspannung heftigstes St\u00f6hnen entlockte. (Manfred Rebhandl, 21.8.2021)<\/p>\n<p><a href=\"https:\/\/www.derstandard.at\/story\/2000129044388\/hallo-wie-gehts\" target=\"_blank\" rel=\"noopener noreferrer\">https:\/\/www.derstandard.at\/story\/2000129044388\/hallo-wie-gehts<\/a><\/p>\n<p>&nbsp;<\/p>\n<hr \/>\n<p><span style=\"font-size: x-large;\">\u0395\u03c5\u03c7\u03b1\u03c1\u03b9\u03c3\u03c4\u03ce \u039c\u03b1\u03bd\u03c6\u03c1\u03b5\u03bd\u03c4 \u0397 \u03a3\u03b5\u03be\u03bf\u03c5\u03b1\u03bb\u03b9\u03ba\u03ae \u03a8\u03c5\u03c7\u03c1\u03cc\u03c4\u03b7\u03c4\u03b1 \u03b4\u03b5\u03bd \u03b5\u03af\u03bd\u03b1\u03b9 \u03b1\u03c3\u03c4\u03b5\u03af\u03bf . \u039c\u03b5\u03c4\u03ac \u03c4\u03b7\u03bd \u03b4\u03b7\u03bc\u03bf\u03c3\u03af\u03b5\u03c5\u03c3\u03b7 \u03c4\u03bf\u03c5 \u03ac\u03c1\u03b8\u03c1\u03bf\u03c5 \u03ad\u03c7\u03bf\u03c5\u03bd \u03b1\u03c1\u03c7\u03af\u03c3\u03b5\u03b9 \u03bd\u03b1 \u03b5\u03bc\u03c6\u03b1\u03bd\u03af\u03b6\u03bf\u03bd\u03c4\u03b1\u03b9 \u03ac\u03bd\u03b8\u03c1\u03c9\u03c0\u03bf\u03b9 \u03c0\u03bf\u03c5 \u03c0\u03b9\u03c3\u03c4\u03b5\u03cd\u03bf\u03c5\u03bd \u03cc\u03c4\u03b9 \u03b8\u03b1 \u03c4\u03bf\u03c5\u03c2 \u03b1\u03b3\u03b3\u03af\u03be\u03c9 \u03ba\u03b1\u03b9 \u03cc\u03bb\u03b7 \u03b7 \u03c8\u03c5\u03c7\u03c1\u03cc\u03c4\u03b7\u03c4\u03b1 \u03b8\u03b1 \u03bb\u03b5\u03b9\u03ce\u03c3\u03b5\u03b9 \u03b1\u03bc\u03ad\u03c3\u03c9\u03c2 .<\/span><\/p>\n<p><span style=\"font-size: x-large;\">\u039b\u03ac\u03b8\u03bf\u03c2 .<\/span><\/p>\n<p><span style=\"font-size: x-large;\">\u0395\u03b4\u03ce \u03c3\u03c4\u03b7\u03bd \u03a3\u03bf\u03cd\u03b3\u03b9\u03b1 \u03c0\u03bf\u03c5 \u03b5\u03c1\u03b3\u03ac\u03b6\u03bf\u03bc\u03b1\u03b9 \u03b1\u03ba\u03bf\u03bb\u03bf\u03c5\u03b8\u03ce \u03c3\u03c5\u03b3\u03ba\u03b5\u03ba\u03c1\u03b9\u03bc\u03ad\u03bd\u03b1 \u03c0\u03c1\u03c9\u03c4\u03cc\u03ba\u03bf\u03bb\u03bb\u03b1 \u03b8\u03b5\u03c1\u03b1\u03c0\u03b5\u03af\u03b1\u03c2 \u03b4\u03b9\u03ba\u03b9\u03ac\u03c2 \u03bc\u03bf\u03c5 \u03b8\u03b5\u03c9\u03c1\u03af\u03b1\u03c2 \u03ba\u03b1\u03b9 \u03c0\u03c1\u03b1\u03ba\u03c4\u03b9\u03ba\u03ae\u03c2 , \u03cc\u03c0\u03c9\u03c2 \u03b7&lt; \u03a3\u03c5\u03bc\u03bc\u03b5\u03c4\u03bf\u03c7\u03b9\u03ba\u03ae \u03a1\u03b5\u03c6\u03bb\u03b5\u03be\u03bf\u03bb\u03bf\u03b3\u03af\u03b1&gt; \u03ba\u03b1\u03b9 \u03b7 &lt;\u03a3\u03c4\u03bf\u03bc\u03b1\u03c4\u03bf\u03b8\u03b5\u03c1\u03b1\u03c0\u03b5\u03af\u03b1&gt;.<\/span><\/p>\n<p><span style=\"font-size: x-large;\">\u0395\u03af\u03bd\u03b1\u03b9 \u03c4\u03b5\u03c7\u03bd\u03b9\u03ba\u03ad\u03c2 \u03b1\u03c0\u03bf\u03b4\u03b5\u03b4\u03b5\u03b9\u03b3\u03bc\u03ad\u03bd\u03b5\u03c2 \u03c3\u03c4\u03b7\u03bd \u03c0\u03c1\u03ac\u03be\u03b7 \u03c0\u03bf\u03c5 \u03b4\u03af\u03bd\u03bf\u03c5\u03bd \u03b3\u03c1\u03ae\u03b3\u03bf\u03c1\u03b5\u03c2 \u03bb\u03cd\u03c3\u03b5\u03b9\u03c2 . \u0391\u03c1\u03ba\u03b5\u03af \u03b1\u03c5\u03c4\u03cc\u03c2 -\u03b7 \u03c0\u03bf\u03c5 \u03ad\u03c1\u03c7\u03b5\u03c4\u03b1\u03b9 \u03c0\u03c1\u03ad\u03c0\u03b5\u03b9 \u03bd\u03b1 \u03ad\u03c7\u03b5\u03b9 \u03c1\u03c9\u03c4\u03ae\u03c3\u03b5\u03b9 \u03c0\u03c1\u03ce\u03c4\u03b1 \u03c4\u03bf\u03bd \u03b5\u03b1\u03c5\u03c4\u03cc \u03c4\u03bf\u03c5 \u03b1\u03bd \u03c0\u03c1\u03b1\u03b3\u03bc\u03b1\u03c4\u03b9\u03ba\u03ac \u03b8\u03ad\u03bb\u03b5\u03b9 \u03bd\u03b1 \u03be\u03b5\u03c6\u03bf\u03c1\u03c4\u03c9\u03b8\u03b5\u03af \u03c4\u03bf \u03c0\u03c1\u03cc\u03b2\u03bb\u03b7\u03bc\u03b1 \u03ba\u03b1\u03b9 \u03c3\u03b5 \u03ad\u03bc\u03b5\u03bd\u03b1 \u03b8\u03b1 \u03ad\u03c1\u03b8\u03b5\u03b9 \u03b3\u03b9\u03b1 \u03bd\u03b1 \u03c0\u03c1\u03bf\u03c3\u03c0\u03b1\u03b8\u03ae\u03c3\u03bf\u03c5\u03bc\u03b5 \u03bc\u03b1\u03b6\u03af \u03bd\u03b1 \u03b2\u03c1\u03bf\u03cd\u03bc\u03b5 \u03c4\u03b7\u03bd \u03bb\u03cd\u03c3\u03b7 .<\/span><\/p>\n<p><span style=\"font-size: x-large;\">\u038c\u03c0\u03bf\u03b9\u03bf\u03c2 \u03ad\u03c1\u03b8\u03b5\u03b9 \u03c0\u03b9\u03c3\u03c4\u03b5\u03cd\u03bf\u03bd\u03c4\u03b1\u03c2 \u03bf\u03c4\u03b9 \u03b5\u03af\u03bc\u03b1\u03b9 \u03bf \u03a3\u03b1\u03bc\u03ac\u03bd\u03bf\u03c2 \u03c0\u03bf\u03c5 \u03ad\u03c7\u03b5\u03b9 \u03c4\u03b7\u03bd \u03b1\u03c0\u03ac\u03bd\u03c4\u03b7\u03c3\u03b7 \u03c7\u03c9\u03c1\u03af\u03c2 \u03bf \u03af\u03b4\u03b9\u03bf\u03c2 \u03bd\u03b1 \u03c3\u03c5\u03bc\u03bc\u03b5\u03c4\u03ac\u03c3\u03c7\u03b5\u03b9 , \u03ad\u03c7\u03b1\u03c3\u03b5.<\/span><\/p>\n<p><span style=\"font-size: x-large;\">\u03a3\u03b5 \u03b1\u03c5\u03c4\u03ad\u03c2 \u03c4\u03b9\u03c2 \u03c0\u03b5\u03c1\u03b9\u03c0\u03c4\u03ce\u03c3\u03b5\u03b9\u03c2 2 \u03c0\u03c1\u03ac\u03b3\u03bc\u03b1\u03c4\u03b1 \u03c3\u03c5\u03bc\u03b2\u03b1\u03af\u03bd\u03bf\u03c5\u03bd. &#8216;\u0397 \u03b8\u03b1 \u03bc\u03b5 \u03c7\u03c1\u03b7\u03c3\u03b9\u03bc\u03bf\u03c0\u03bf\u03b9\u03ae\u03c3\u03b5\u03b9 \u03c3\u03b1\u03bd \u03ac\u03bb\u03bb\u03bf\u03b8\u03b9 \u03cc\u03c4\u03b9 \u03c0\u03c1\u03bf\u03c3\u03c0\u03ac\u03b8\u03b7\u03c3\u03b5 ,&#8217;\u03b7 \u03b8\u03b1 \u03bc\u03b5 \u03ba\u03b1\u03c4\u03b7\u03b3\u03bf\u03c1\u03ae\u03c3\u03b5\u03b9 \u03c3\u03b1\u03bd \u03b1\u03c0\u03b1\u03c4\u03b5\u03ce\u03bd\u03b1 . \u03a6\u03c5\u03c3\u03b9\u03ba\u03ac \u03b4\u03ad\u03c7\u03bf\u03bc\u03b1\u03b9 \u03ba\u03b1\u03b9 \u03bf\u03bc\u03bf\u03c6\u03c5\u03bb\u03cc\u03c6\u03b9\u03bb\u03bf\u03c5\u03c2 \u03ac\u03bd\u03c4\u03c1\u03b5\u03c2 \u03c0\u03bf\u03c5 \u03bd\u03b9\u03ce\u03b8\u03bf\u03c5\u03bd \u03c4\u03b7\u03bd \u03b5\u03c0\u03b9\u03bb\u03bf\u03b3\u03ae \u03c4\u03bf\u03c5\u03c2 \u03c3\u03b1\u03bd \u03c6\u03c5\u03bb\u03b1\u03ba\u03ae .<\/span><\/p>\n","protected":false},"excerpt":{"rendered":"<div data-section-type=\"gallery\" data-position=\"auto\" data-size=\"auto\" data-gallery-type=\"secondary\">\n<div>\n<div data-section-type=\"image\" data-position=\"auto\" data-size=\"auto\">\n<div>\n<figure data-type=\"image\" data-fullscreen-enabled=\"true\"><figc...\n<\/p>\n","protected":false},"author":1,"featured_media":0,"parent":0,"menu_order":0,"comment_status":"closed","ping_status":"closed","template":"","meta":{"footnotes":""},"_links":{"self":[{"href":"https:\/\/www.sougiareflexology.gr\/el\/wp-json\/wp\/v2\/pages\/376"}],"collection":[{"href":"https:\/\/www.sougiareflexology.gr\/el\/wp-json\/wp\/v2\/pages"}],"about":[{"href":"https:\/\/www.sougiareflexology.gr\/el\/wp-json\/wp\/v2\/types\/page"}],"author":[{"embeddable":true,"href":"https:\/\/www.sougiareflexology.gr\/el\/wp-json\/wp\/v2\/users\/1"}],"replies":[{"embeddable":true,"href":"https:\/\/www.sougiareflexology.gr\/el\/wp-json\/wp\/v2\/comments?post=376"}],"version-history":[{"count":1,"href":"https:\/\/www.sougiareflexology.gr\/el\/wp-json\/wp\/v2\/pages\/376\/revisions"}],"predecessor-version":[{"id":377,"href":"https:\/\/www.sougiareflexology.gr\/el\/wp-json\/wp\/v2\/pages\/376\/revisions\/377"}],"wp:attachment":[{"href":"https:\/\/www.sougiareflexology.gr\/el\/wp-json\/wp\/v2\/media?parent=376"}],"curies":[{"name":"wp","href":"https:\/\/api.w.org\/{rel}","templated":true}]}}