{"id":17,"date":"2017-01-02T09:25:56","date_gmt":"2017-01-02T09:25:56","guid":{"rendered":"http:\/\/www.sougiareflexology.gr\/?page_id=17"},"modified":"2018-05-17T15:39:52","modified_gmt":"2018-05-17T15:39:52","slug":"%ce%ba%ce%b1%ce%bb%cf%8e%cf%82-%ce%bf%cf%81%ce%af%cf%83%ce%b1%cf%84%ce%b5","status":"publish","type":"page","link":"https:\/\/www.sougiareflexology.gr\/fr_FR\/","title":{"rendered":"Bienvenue"},"content":{"rendered":"<p>Chers amis,<\/p>\n<p>Venez profiter d&#8217;une s\u00e9ance de R\u00e9flexologie participative avec Sifi!<\/p>\n<p>Ma technique consiste en l&#8217;adaptation et la combinaison de la r\u00e9flexologie standard du Su Jok et hippocratique sur les m\u00e9ridiens chinois.Plus de 20 ans de recherche et de pratique m&#8217;ont permis de d\u00e9velopper une exp\u00e9rience participative dans laquelle le corps active la conscience de soi et entame ainsi le processus de gu\u00e9rison naturelle.<\/p>\n<p>La premi\u00e8re \u00e9tape consiste en la lecture des pieds, afin d&#8217;en analyser la forme et d&#8217;y trouver la racine psychosomatique et le processus de la plainte. Cette information peut ensuite fournir un cadre pour les protocoles de traitement individuels que j&#8217;ai mis au point avec l&#8217;objectif r\u00e9aliste de parvenir \u00e0 une gu\u00e9rison rapide et une v\u00e9ritable am\u00e9lioration de la qualit\u00e9 de vie.<\/p>\n<p>Ceci est un rem\u00e8de id\u00e9al pour un trouble chronique ou d\u00e9bilitant tel que STRESS CHRONIQUE, ANGOISSE, ENTORSES DU POIGNET OU DE LA CHEVILLE,SYNDROME DU BURN-OUT, MIGRAINES, ARTHROSE,TENDINITES, DOULEUR CHRONIQUE COMME LUMBAGO &amp; SCIATIQUE , AMENORRHEE,ACOUPHENES&#8230;ainsi que toute autre sorte de probleme.<br \/>Je peux vous garantir que m\u00eame une seule s\u00e9ance peut apporter une am\u00e9lioration notable dans tous les sympt\u00f4mes et apporter un changement de vie. \u00c9V\u00c9NEMENT! qui pourrait croire que des ann\u00e9es de stress ou de douleur pourraient vraiment \u00eatre att\u00e9nu\u00e9s si rapidement ??? !!!<\/p>\n<p>Chaque session peut durer au moins 1 heure et 15 minutes, 2 heures ou plus.<\/p>\n<p>Je traite les enfants de tous \u00e2ges avec le consentement des parents et peux \u00e9galement faire des s\u00e9ances de couple pour les probl\u00e8mes relationnels.<\/p>\n<p>N&#8217;hesitez pas \u00e0 demander plus d&#8217;infos au cafe Lotos (centre de Sougia), il suffit de demander SIFI !!!<br \/>Tel: 00306973059691<\/p>\n","protected":false},"excerpt":{"rendered":"<p>Chers amis,<\/p>\n<p>Venez profiter d&#8217;une s\u00e9ance de R\u00e9flexologie participative avec Sifi!<\/p>\n<p>Ma technique consiste en l&#8217;adaptation et la combinaison de la r\u00e9flexologie standard du Su Jok et hippocratique sur les m\u00e9ridiens chinois.Plus de 20 ans de&#8230;<\/p>\n","protected":false},"author":1,"featured_media":0,"parent":0,"menu_order":0,"comment_status":"closed","ping_status":"closed","template":"template-full.php","meta":{"footnotes":""},"_links":{"self":[{"href":"https:\/\/www.sougiareflexology.gr\/fr_FR\/wp-json\/wp\/v2\/pages\/17"}],"collection":[{"href":"https:\/\/www.sougiareflexology.gr\/fr_FR\/wp-json\/wp\/v2\/pages"}],"about":[{"href":"https:\/\/www.sougiareflexology.gr\/fr_FR\/wp-json\/wp\/v2\/types\/page"}],"author":[{"embeddable":true,"href":"https:\/\/www.sougiareflexology.gr\/fr_FR\/wp-json\/wp\/v2\/users\/1"}],"replies":[{"embeddable":true,"href":"https:\/\/www.sougiareflexology.gr\/fr_FR\/wp-json\/wp\/v2\/comments?post=17"}],"version-history":[{"count":37,"href":"https:\/\/www.sougiareflexology.gr\/fr_FR\/wp-json\/wp\/v2\/pages\/17\/revisions"}],"predecessor-version":[{"id":350,"href":"https:\/\/www.sougiareflexology.gr\/fr_FR\/wp-json\/wp\/v2\/pages\/17\/revisions\/350"}],"wp:attachment":[{"href":"https:\/\/www.sougiareflexology.gr\/fr_FR\/wp-json\/wp\/v2\/media?parent=17"}],"curies":[{"name":"wp","href":"https:\/\/api.w.org\/{rel}","templated":true}]}}