{"id":17,"date":"2017-01-02T09:25:56","date_gmt":"2017-01-02T09:25:56","guid":{"rendered":"http:\/\/www.sougiareflexology.gr\/?page_id=17"},"modified":"2018-05-17T15:39:52","modified_gmt":"2018-05-17T15:39:52","slug":"%ce%ba%ce%b1%ce%bb%cf%8e%cf%82-%ce%bf%cf%81%ce%af%cf%83%ce%b1%cf%84%ce%b5","status":"publish","type":"page","link":"https:\/\/www.sougiareflexology.gr\/it_IT\/","title":{"rendered":"Benvenuto"},"content":{"rendered":"<div>Cari amici,<\/div>\n<div>venite a godervi una seduta di Riflessologia Partecipativa con Sifi!<\/div>\n<div>\u00a0<\/div>\n<div>La mia tecnica \u00e8 un adattamento della Riflessologia classica, abbinata con la pratica coreana del Su Jok, con quella ippocratica e dei meridiani cinesi, che ho sviluppato in 20 anni di ricerca e pratica personale, per arrivare alla Riflessologia Partecipativa, un\u2019esperienza attraverso cui l\u2019organismo attiva l\u2019autoconsapevolezza, innescando cos\u00ec un naturale processo di guarigione.<\/div>\n<div>\u00a0<\/div>\n<div>La prima fase consiste nella lettura del piede e, in particolare, delle dita dei piedi, per individuare le origini psicosomatiche e il legame che si crea con la patologia. Queste informazioni contribuiscono a realizzare un protocollo di trattamento individuale mirato, col fine di ottenere una terapia rapida e un effettivo miglioramento della qualit\u00e0 della vita.<\/div>\n<div>\u00a0<\/div>\n<div>Questa terapia \u00e8 ideale per qualsiasi patologia cronica o debilitante, come lo stress cronico, la sindrome del burn-out, le distorsioni della caviglia o del polso, l\u2019ansia, le emicranie, i problemi articolari, le tendiniti, i dolori cronici come lombalgie e sciatalgie, i dolori cervicali, i problemi di vista, lo strabismo , la menopausa precoce, gli acufeni, le palpitazioni cardiache, e in generale tutto ci\u00f2 che si pu\u00f2 definire come un malessere!!! .<\/div>\n<div>\u00a0<\/div>\n<div>Posso assicurare che anche una sola seduta pu\u00f2 determinare un netto miglioramento della sintomatologia ed \u00e8 certamente un evento che cambier\u00e0 la vostra vita. Non avreste mai immaginato che lo stress e il dolore cronico si potessero alleviare cos\u00ec rapidamente!!!<\/div>\n<div>\u00a0<\/div>\n<div>Ogni seduta pu\u00f2 durare da un minimo di 60-75 minuti, fino a 2 ore o pi\u00f9.<\/div>\n<div>\u00a0<\/div>\n<div>Accetto al trattamento anche i bambini di tutte le et\u00e0 con la presenza dei genitori e sedute di conoscenza reciproca per le coppie che hanno problemi di relazione.<\/div>\n<div>\u00a0<\/div>\n<div>Non esitate a chiedere maggiori informazioni a Lotos Cafe, basta chiedere Sifi.<\/div>\n<div>Tel. +30 6973059691 \u00a0EMAIL : sifispen@yahoo.gr<\/div>\n","protected":false},"excerpt":{"rendered":"<div>Cari amici,<\/div>\n<div>venite a godervi una seduta di Riflessologia Partecipativa con Sifi!<\/div>\n<div>\u00a0<\/div>\n<div>La mia tecnica \u00e8 un adattamento della Riflessologia classica, abbinata con la pratica coreana del Su Jok, con quella ippocratica e d&#8230;<\/p>\n","protected":false},"author":1,"featured_media":0,"parent":0,"menu_order":0,"comment_status":"closed","ping_status":"closed","template":"template-full.php","meta":{"footnotes":""},"_links":{"self":[{"href":"https:\/\/www.sougiareflexology.gr\/it_IT\/wp-json\/wp\/v2\/pages\/17"}],"collection":[{"href":"https:\/\/www.sougiareflexology.gr\/it_IT\/wp-json\/wp\/v2\/pages"}],"about":[{"href":"https:\/\/www.sougiareflexology.gr\/it_IT\/wp-json\/wp\/v2\/types\/page"}],"author":[{"embeddable":true,"href":"https:\/\/www.sougiareflexology.gr\/it_IT\/wp-json\/wp\/v2\/users\/1"}],"replies":[{"embeddable":true,"href":"https:\/\/www.sougiareflexology.gr\/it_IT\/wp-json\/wp\/v2\/comments?post=17"}],"version-history":[{"count":37,"href":"https:\/\/www.sougiareflexology.gr\/it_IT\/wp-json\/wp\/v2\/pages\/17\/revisions"}],"predecessor-version":[{"id":350,"href":"https:\/\/www.sougiareflexology.gr\/it_IT\/wp-json\/wp\/v2\/pages\/17\/revisions\/350"}],"wp:attachment":[{"href":"https:\/\/www.sougiareflexology.gr\/it_IT\/wp-json\/wp\/v2\/media?parent=17"}],"curies":[{"name":"wp","href":"https:\/\/api.w.org\/{rel}","templated":true}]}}