{"id":17,"date":"2017-01-02T09:25:56","date_gmt":"2017-01-02T09:25:56","guid":{"rendered":"http:\/\/www.sougiareflexology.gr\/?page_id=17"},"modified":"2018-05-17T15:39:52","modified_gmt":"2018-05-17T15:39:52","slug":"%ce%ba%ce%b1%ce%bb%cf%8e%cf%82-%ce%bf%cf%81%ce%af%cf%83%ce%b1%cf%84%ce%b5","status":"publish","type":"page","link":"https:\/\/www.sougiareflexology.gr\/ro_RO\/","title":{"rendered":"Bun venit"},"content":{"rendered":"<p>Dragi prieteni,<\/p>\n<p><span lang=\"RO\">Haide\u0163i\u00a0 s\u0103 experimenta\u0163i o \u015fedin\u0163\u0103 de Reflexologie Participativ\u0103 cu Sifis!<\/span><\/p>\n<p><span lang=\"RO\">Tehnica mea const\u0103 \u00een adaptarea \u015fi combinarea reflexologiei clasice cu tehnica coreatic\u0103 SU JOK,cu meridianele chineze \u015fi hipocratice \u015fi cu o experien\u0163\u0103 \u015fi practic\u0103 personal\u0103 de peste 20 de ani,pentru dezvoltarea Reflexologiei Participative,\u00een cursul c\u0103reia organismul \u00ee\u015fi activeaz\u0103 cunoa\u015fterea de sine(autocunoa\u015fterea) \u015fi,\u00een consecin\u0163\u0103,\u00eencepe procesul natural de vindecare a traumelor psihosomatice.<\/span><\/p>\n<p><span lang=\"RO\">Primul stadiu analizeaz\u0103 forma labei piciorului \u015fi, \u00een special,a degetelor piciorului astfel \u00eenc\u00e2t s\u0103 se g\u0103seasc\u0103 r\u0103d\u0103cina psihosomatic\u0103 \u015fi motivul cre\u0103rii acesteia.Aceste informa\u0163ii pot s\u0103 ofere \u00een continuare un cadru pentru crearea de protocoale terapeutice personale pe care le-am dezvoltat \u00een scopul unui tratament rapid \u015fi a amelior\u0103rii reale a calita\u0163ii vie\u0163ii.<\/span><\/p>\n<p><span lang=\"RO\">Aceast\u0103 tehnic\u0103 este un tratament ideal pentru orice boal\u0103 cronic\u0103 sau debilizant\u0103(extenuant\u0103),cum ar fi:stressul cronic,angoas\u0103,sindromul BURN-OUT,entorse ale gleznei \u015fi carpiene,migrene,artroze \u015fi dureri articulare,tendinite,dureri cronice sciatice \u015fi lumbago,sindrom cervical,probleme de vedere(strabism),acufene(zgomote \u00een urechi),menopauz\u0103 precoce,tahicardii \u015fi,\u00een general,tot ce se poate numi problem\u0103 \u00een via\u0163a voastr\u0103!<\/span><\/p>\n<p><span lang=\"RO\">Pot s\u0103 garantez,chiar \u015fi numai o \u015fedin\u0163\u0103,poate s\u0103 produc\u0103 o ameliorare important\u0103 a simptomelor \u015fi s\u0103 fie \u00eentr-adev\u0103r un EVENIMENT care v\u0103 va schimba via\u0163a.Cine ar putea crede c\u0103 stressul \u015fi durerea ar putea fi \u00eentr-adev\u0103r atenuate a\u015fa de repede???!!!<\/span><\/p>\n<p><span lang=\"RO\">Fiecare \u015fedin\u0163\u0103 poate dura minimum 1 or\u0103 \u015fi 15 minute,apoi\u00a0 2 ore \u015fi chiar mai mult.<\/span><\/p>\n<p><span lang=\"RO\">Tratez \u015fi copii de toate v\u00e2rstele \u00een prezen\u0163a p\u0103rin\u0163ilor \u015fi fac \u015fedin\u0163e comune pentru cupluri cu probleme rela\u0163ionale.<\/span><\/p>\n<p><span lang=\"RO\">Nu ezita\u0163i s\u0103 cere\u0163i mai multe informa\u0163ii la Lotos Cafe,e suficient s\u0103 cere\u0163i s\u0103 vorbi\u0163i cu Sifis!<\/span><\/p>\n<p><span lang=\"RO\">Telefon:6973059691<\/span><\/p>\n","protected":false},"excerpt":{"rendered":"<p>Dragi prieteni,<\/p>\n<p><span lang=\"RO\">Haide\u0163i\u00a0 s\u0103 experimenta\u0163i o \u015fedin\u0163\u0103 de Reflexologie Participativ\u0103 cu Sifis!<\/span><\/p>\n<p><span lang=\"RO\">Tehnica mea const\u0103 \u00een adaptarea \u015fi combinarea reflexologiei clasice cu tehnica coreatic\u0103 SU JOK,cu merid&#8230;<\/p>\n","protected":false},"author":1,"featured_media":0,"parent":0,"menu_order":0,"comment_status":"closed","ping_status":"closed","template":"template-full.php","meta":{"footnotes":""},"_links":{"self":[{"href":"https:\/\/www.sougiareflexology.gr\/ro_RO\/wp-json\/wp\/v2\/pages\/17"}],"collection":[{"href":"https:\/\/www.sougiareflexology.gr\/ro_RO\/wp-json\/wp\/v2\/pages"}],"about":[{"href":"https:\/\/www.sougiareflexology.gr\/ro_RO\/wp-json\/wp\/v2\/types\/page"}],"author":[{"embeddable":true,"href":"https:\/\/www.sougiareflexology.gr\/ro_RO\/wp-json\/wp\/v2\/users\/1"}],"replies":[{"embeddable":true,"href":"https:\/\/www.sougiareflexology.gr\/ro_RO\/wp-json\/wp\/v2\/comments?post=17"}],"version-history":[{"count":37,"href":"https:\/\/www.sougiareflexology.gr\/ro_RO\/wp-json\/wp\/v2\/pages\/17\/revisions"}],"predecessor-version":[{"id":350,"href":"https:\/\/www.sougiareflexology.gr\/ro_RO\/wp-json\/wp\/v2\/pages\/17\/revisions\/350"}],"wp:attachment":[{"href":"https:\/\/www.sougiareflexology.gr\/ro_RO\/wp-json\/wp\/v2\/media?parent=17"}],"curies":[{"name":"wp","href":"https:\/\/api.w.org\/{rel}","templated":true}]}}